{"id":1067,"date":"2022-05-21T13:14:32","date_gmt":"2022-05-21T10:14:32","guid":{"rendered":"https:\/\/carprofdetailing.ee\/hinnad\/"},"modified":"2023-05-15T13:43:15","modified_gmt":"2023-05-15T10:43:15","slug":"hinnad","status":"publish","type":"page","link":"https:\/\/carprofdetailing.ee\/en\/hinnad\/","title":{"rendered":"Prices"},"content":{"rendered":"\t\t<div data-elementor-type=\"wp-page\" data-elementor-id=\"1067\" class=\"elementor elementor-1067 elementor-379\" data-elementor-post-type=\"page\">\n\t\t\t\t\t\t<section class=\"elementor-section elementor-top-section elementor-element elementor-element-72b0fce elementor-section-boxed elementor-section-height-default elementor-section-height-default\" data-id=\"72b0fce\" data-element_type=\"section\" data-settings=\"{&quot;background_background&quot;:&quot;classic&quot;}\">\n\t\t\t\t\t\t\t<div class=\"elementor-background-overlay\"><\/div>\n\t\t\t\t\t\t\t<div class=\"elementor-container elementor-column-gap-default\">\n\t\t\t\t\t<div class=\"elementor-column elementor-col-100 elementor-top-column elementor-element elementor-element-5ac383f9\" data-id=\"5ac383f9\" data-element_type=\"column\">\n\t\t\t<div class=\"elementor-widget-wrap elementor-element-populated\">\n\t\t\t\t\t\t<div class=\"elementor-element elementor-element-54d1f8e5 elementor-widget elementor-widget-heading\" data-id=\"54d1f8e5\" data-element_type=\"widget\" data-widget_type=\"heading.default\">\n\t\t\t\t<div class=\"elementor-widget-container\">\n\t\t\t<style>\/*! elementor - v3.23.0 - 05-08-2024 *\/\n.elementor-heading-title{padding:0;margin:0;line-height:1}.elementor-widget-heading .elementor-heading-title[class*=elementor-size-]>a{color:inherit;font-size:inherit;line-height:inherit}.elementor-widget-heading .elementor-heading-title.elementor-size-small{font-size:15px}.elementor-widget-heading .elementor-heading-title.elementor-size-medium{font-size:19px}.elementor-widget-heading .elementor-heading-title.elementor-size-large{font-size:29px}.elementor-widget-heading .elementor-heading-title.elementor-size-xl{font-size:39px}.elementor-widget-heading .elementor-heading-title.elementor-size-xxl{font-size:59px}<\/style><h2 class=\"elementor-heading-title elementor-size-default\">PRICES<\/h2>\t\t<\/div>\n\t\t\t\t<\/div>\n\t\t\t\t<div class=\"elementor-element elementor-element-392637b1 elementor-icon-list--layout-inline elementor-align-left elementor-list-item-link-full_width elementor-widget elementor-widget-icon-list\" data-id=\"392637b1\" data-element_type=\"widget\" data-widget_type=\"icon-list.default\">\n\t\t\t\t<div class=\"elementor-widget-container\">\n\t\t\t<link rel=\"stylesheet\" href=\"https:\/\/carprofdetailing.ee\/wp-content\/plugins\/elementor\/assets\/css\/widget-icon-list.min.css\">\t\t<ul class=\"elementor-icon-list-items elementor-inline-items\">\n\t\t\t\t\t\t\t<li class=\"elementor-icon-list-item elementor-inline-item\">\n\t\t\t\t\t\t\t\t\t\t<span class=\"elementor-icon-list-text\">Home<\/span>\n\t\t\t\t\t\t\t\t\t<\/li>\n\t\t\t\t\t\t\t\t<li class=\"elementor-icon-list-item elementor-inline-item\">\n\t\t\t\t\t\t\t\t\t\t\t<span class=\"elementor-icon-list-icon\">\n\t\t\t\t\t\t\t<i aria-hidden=\"true\" class=\"jki jki-slash-solid\"><\/i>\t\t\t\t\t\t<\/span>\n\t\t\t\t\t\t\t\t\t\t<span class=\"elementor-icon-list-text\">Prices<\/span>\n\t\t\t\t\t\t\t\t\t<\/li>\n\t\t\t\t\t\t<\/ul>\n\t\t\t\t<\/div>\n\t\t\t\t<\/div>\n\t\t\t\t\t<\/div>\n\t\t<\/div>\n\t\t\t\t\t<\/div>\n\t\t<\/section>\n\t\t\t\t<section class=\"elementor-section elementor-top-section elementor-element elementor-element-5e97059 elementor-section-boxed elementor-section-height-default elementor-section-height-default\" data-id=\"5e97059\" data-element_type=\"section\">\n\t\t\t\t\t\t<div class=\"elementor-container elementor-column-gap-default\">\n\t\t\t\t\t<div class=\"elementor-column elementor-col-100 elementor-top-column elementor-element elementor-element-33257fa\" data-id=\"33257fa\" data-element_type=\"column\">\n\t\t\t<div class=\"elementor-widget-wrap elementor-element-populated\">\n\t\t\t\t\t\t<div class=\"elementor-element elementor-element-f8b8c75 animated-slow elementor-widget elementor-widget-jkit_heading\" data-id=\"f8b8c75\" data-element_type=\"widget\" data-settings=\"{&quot;_animation&quot;:&quot;none&quot;}\" data-widget_type=\"jkit_heading.default\">\n\t\t\t\t<div class=\"elementor-widget-container\">\n\t\t\t<div  class=\"jeg-elementor-kit jkit-heading  align-left align-tablet- align-mobile- jeg_module___69f9f05d72299\" ><div class=\"heading-section-title  display-inline-block\"><h2 class=\"heading-title\">Carprof Detailing Prices<\/h2><\/div><\/div>\t\t<\/div>\n\t\t\t\t<\/div>\n\t\t\t\t<div class=\"elementor-element elementor-element-e67b55b elementor-widget elementor-widget-text-editor\" data-id=\"e67b55b\" data-element_type=\"widget\" data-widget_type=\"text-editor.default\">\n\t\t\t\t<div class=\"elementor-widget-container\">\n\t\t\t<style>\/*! elementor - v3.23.0 - 05-08-2024 *\/\n.elementor-widget-text-editor.elementor-drop-cap-view-stacked .elementor-drop-cap{background-color:#69727d;color:#fff}.elementor-widget-text-editor.elementor-drop-cap-view-framed .elementor-drop-cap{color:#69727d;border:3px solid;background-color:transparent}.elementor-widget-text-editor:not(.elementor-drop-cap-view-default) .elementor-drop-cap{margin-top:8px}.elementor-widget-text-editor:not(.elementor-drop-cap-view-default) .elementor-drop-cap-letter{width:1em;height:1em}.elementor-widget-text-editor .elementor-drop-cap{float:left;text-align:center;line-height:1;font-size:50px}.elementor-widget-text-editor .elementor-drop-cap-letter{display:inline-block}<\/style>\t\t\t\t<div style=\"overflow-x: auto;\"><table width=\"604\"><tbody><tr><td width=\"281\"><strong>Service<\/strong><\/td><td width=\"117\"><strong>Full price<\/strong><\/td><td width=\"88\"><strong>Time<\/strong><\/td><\/tr><tr><td width=\"281\"><span dir=\"ltr\" role=\"presentation\">Exterior wash<\/span><\/td><td width=\"117\">from 40\u20ac<\/td><td width=\"88\">30 min<\/td><\/tr><tr><td width=\"281\"><span dir=\"ltr\" role=\"presentation\">Interior cleaning<\/span><\/td><td width=\"117\">from 25\u20ac<\/td><td width=\"88\">30 min<\/td><\/tr><tr><td width=\"281\"><span dir=\"ltr\" role=\"presentation\">Interior and exterior wash<\/span><\/td><td width=\"117\">from 55\u20ac<\/td><td width=\"88\">45 min<\/td><\/tr><tr><td width=\"281\">Bitumen removal<\/td><td width=\"117\">65\u20ac<\/td><td width=\"88\">60 min<\/td><\/tr><tr><td width=\"281\">Wheel wash (1pc)<\/td><td width=\"117\">10\u20ac<\/td><td width=\"88\">10 min<\/td><\/tr><tr><td width=\"281\">Wheel wash (4pcs)<\/td><td width=\"117\">35\u20ac<\/td><td width=\"88\">40 min<\/td><\/tr><tr><td width=\"281\">Interior and exterior detailing wash<\/td><td width=\"117\">From 85\u20ac<\/td><td width=\"88\">From 2 hours<\/td><\/tr><tr><td width=\"281\">Dry cleaning of car interior<\/td><td width=\"117\">35\u20ac<\/td><td width=\"88\">30 min<\/td><\/tr><tr><td width=\"281\">Salon dry cleaning<\/td><td width=\"117\">From 175\u20ac<\/td><td width=\"88\">From 3 hours<\/td><\/tr><tr><td width=\"281\">Salon dry cleaning (1 place)<\/td><td width=\"117\">40\u20ac<\/td><td width=\"88\">1 hour<\/td><\/tr><tr><td width=\"281\">Salon ozonation<\/td><td width=\"117\">40\u20ac<\/td><td width=\"88\">1 hour<\/td><\/tr><tr><td width=\"281\">Quick interion cleaning (with vacuum cleaner)<\/td><td width=\"117\">12\u20ac<\/td><td width=\"88\">10 min<\/td><\/tr><tr><td width=\"281\">Car mats cleaning (rubber) 4pcs<\/td><td width=\"117\">12\u20ac<\/td><td width=\"88\">10 min<\/td><\/tr><tr><td width=\"281\">Car mats cleaning (textile) 4pcs<\/td><td width=\"117\">25\u20ac<\/td><td width=\"88\">45 min<\/td><\/tr><tr><td width=\"281\">Leather care<\/td><td width=\"117\">From 80\u20ac<\/td><td width=\"88\">2 hours<\/td><\/tr><tr><td width=\"281\">Glass treatment with a special compound (1pc)<\/td><td width=\"117\">30\u20ac<\/td><td width=\"88\">20 min<\/td><\/tr><tr><td width=\"281\">Glass treatment with a special compound (all)<\/td><td width=\"117\">100\u20ac<\/td><td width=\"88\">1 hour<\/td><\/tr><tr><td width=\"281\">Bitumen removal and waxing<\/td><td width=\"117\">110\u20ac<\/td><td width=\"88\">4 hours<\/td><\/tr><tr><td width=\"281\">Light polishing<\/td><td width=\"117\">From 175\u20ac<\/td><td width=\"88\">From 4 hours<\/td><\/tr><tr><td width=\"281\">Deep polishing<\/td><td width=\"117\">From 300\u20ac<\/td><td width=\"88\">From 8 hours<\/td><\/tr><tr><td width=\"281\">Light polishing + ceramic protective treatment (Koch\/Krytex)<\/td><td width=\"117\">From 300\u20ac\/400\u20ac<\/td><td width=\"88\">From 6 hours<\/td><\/tr><tr><td width=\"281\">Deep polishing + ceramic protecting treatment (Koch\/Krytex)<\/td><td width=\"117\">From 600\u20ac\/700\u20ac<\/td><td width=\"88\">From 10 hours<\/td><\/tr><tr><td width=\"281\">Single piece polishing<\/td><td width=\"117\">From 50\u20ac<\/td><td width=\"88\">From 2 hours<\/td><\/tr><tr><td width=\"281\">Stickers removal (1pc) (Client&#8217;s personal responsibility)<\/td><td width=\"117\">From 15\u20ac<\/td><td width=\"88\">30-45 min<\/td><\/tr><tr><td width=\"281\">Headlights or taillights polishing (1pc)<\/td><td width=\"117\">30\u20ac<\/td><td width=\"88\">30 min<\/td><\/tr><tr><td width=\"281\">Headlights or taillights polishing (all)<\/td><td width=\"117\">50\u20ac<\/td><td width=\"88\">1 hour<\/td><\/tr><tr><td width=\"281\">Washing the engine compartment (Client&#8217;s personal responsibility)<\/td><td width=\"117\">50\u20ac<\/td><td width=\"88\">30 min<\/td><\/tr><tr><td width=\"281\">Pre-sale preparation (Light polishing, salon dry cleaning, washing the engine compartment)<\/td><td width=\"117\">From 300\u20ac<\/td><td width=\"88\">From 4 hours<\/td><\/tr><\/tbody><\/table><\/div>\t\t\t\t\t\t<\/div>\n\t\t\t\t<\/div>\n\t\t\t\t\t<\/div>\n\t\t<\/div>\n\t\t\t\t\t<\/div>\n\t\t<\/section>\n\t\t\t\t<section class=\"elementor-section elementor-top-section elementor-element elementor-element-2860267 elementor-section-boxed elementor-section-height-default elementor-section-height-default\" data-id=\"2860267\" data-element_type=\"section\">\n\t\t\t\t\t\t<div class=\"elementor-container elementor-column-gap-default\">\n\t\t\t\t\t<div class=\"elementor-column elementor-col-100 elementor-top-column elementor-element elementor-element-a56b6d4\" data-id=\"a56b6d4\" data-element_type=\"column\">\n\t\t\t<div class=\"elementor-widget-wrap elementor-element-populated\">\n\t\t\t\t\t\t<div class=\"elementor-element elementor-element-22668f5 elementor-widget elementor-widget-text-editor\" data-id=\"22668f5\" data-element_type=\"widget\" data-widget_type=\"text-editor.default\">\n\t\t\t\t<div class=\"elementor-widget-container\">\n\t\t\t\t\t\t\t<p><strong>Hinnam\u00e4\u00e4rang \u2013 ALATES \u2013 t\u00e4hendab l\u00f5pliku hinna v\u00e4ljakujunemist olenevalt auto suurusest ja m\u00e4\u00e4rdumise astmest<\/strong><\/p><p><strong>NB! Commercial vehicles and SUVs +10\u20ac.<\/strong><\/p>\t\t\t\t\t\t<\/div>\n\t\t\t\t<\/div>\n\t\t\t\t\t<\/div>\n\t\t<\/div>\n\t\t\t\t\t<\/div>\n\t\t<\/section>\n\t\t\t\t<section class=\"elementor-section elementor-top-section elementor-element elementor-element-24b597 elementor-section-boxed elementor-section-height-default elementor-section-height-default\" data-id=\"24b597\" data-element_type=\"section\" data-settings=\"{&quot;background_background&quot;:&quot;video&quot;,&quot;background_video_link&quot;:&quot;https:\\\/\\\/www.youtube.com\\\/watch?v=78kTPkx1KEY&quot;,&quot;background_video_start&quot;:40,&quot;background_video_end&quot;:60,&quot;background_play_on_mobile&quot;:&quot;yes&quot;}\">\n\t\t\t\t\t\t\t\t<div class=\"elementor-background-video-container\">\n\t\t\t\t\t\t\t\t\t\t\t\t\t<div class=\"elementor-background-video-embed\"><\/div>\n\t\t\t\t\t\t\t\t\t\t\t\t<\/div>\n\t\t\t\t\t\t\t\t\t<div class=\"elementor-background-overlay\"><\/div>\n\t\t\t\t\t\t\t<div class=\"elementor-container elementor-column-gap-default\">\n\t\t\t\t\t<div class=\"elementor-column elementor-col-100 elementor-top-column elementor-element elementor-element-4a987898\" data-id=\"4a987898\" data-element_type=\"column\">\n\t\t\t<div class=\"elementor-widget-wrap elementor-element-populated\">\n\t\t\t\t\t\t<div class=\"elementor-element elementor-element-6962c5c0 elementor-widget elementor-widget-jkit_heading\" data-id=\"6962c5c0\" data-element_type=\"widget\" data-widget_type=\"jkit_heading.default\">\n\t\t\t\t<div class=\"elementor-widget-container\">\n\t\t\t<div  class=\"jeg-elementor-kit jkit-heading  align-center align-tablet- align-mobile- jeg_module__1_69f9f05d72ea4\" ><div class=\"heading-section-title  display-inline-block\"><h2 class=\"heading-title\">Book a time<\/h2><\/div><div class=\"heading-section-description\">\nBy visiting CarProf, you will be convinced of the high level of the company's service. After all, it is our mission to make cars cleaner and more beautiful, to give joy to customers from work flawlessly performed.<\/div><\/div>\t\t<\/div>\n\t\t\t\t<\/div>\n\t\t\t\t<div class=\"elementor-element elementor-element-64b79a9 elementor-widget elementor-widget-jkit_button\" data-id=\"64b79a9\" data-element_type=\"widget\" data-widget_type=\"jkit_button.default\">\n\t\t\t\t<div class=\"elementor-widget-container\">\n\t\t\t<div  class=\"jeg-elementor-kit jkit-button  icon-position-before jeg_module__2_69f9f05d734e9\" ><a href=\"#konsultatsioon\" class=\"jkit-button-wrapper\">Book<\/a><\/div>\t\t<\/div>\n\t\t\t\t<\/div>\n\t\t\t\t\t<\/div>\n\t\t<\/div>\n\t\t\t\t\t<\/div>\n\t\t<\/section>\n\t\t\t\t<\/div>\n\t\t","protected":false},"excerpt":{"rendered":"<p>PRICES Home Prices Carprof Detailing Prices Service Full price Time Exterior wash from 40\u20ac 30 min Interior cleaning from 25\u20ac 30 min Interior and exterior wash from 55\u20ac 45 min Bitumen removal 65\u20ac 60 min Wheel wash (1pc) 10\u20ac 10 min Wheel wash (4pcs) 35\u20ac 40 min Interior and exterior detailing wash From 85\u20ac From [&hellip;]<\/p>\n","protected":false},"author":2,"featured_media":0,"parent":0,"menu_order":0,"comment_status":"closed","ping_status":"closed","template":"","meta":{"footnotes":""},"class_list":["post-1067","page","type-page","status-publish","hentry"],"_links":{"self":[{"href":"https:\/\/carprofdetailing.ee\/en\/wp-json\/wp\/v2\/pages\/1067","targetHints":{"allow":["GET"]}}],"collection":[{"href":"https:\/\/carprofdetailing.ee\/en\/wp-json\/wp\/v2\/pages"}],"about":[{"href":"https:\/\/carprofdetailing.ee\/en\/wp-json\/wp\/v2\/types\/page"}],"author":[{"embeddable":true,"href":"https:\/\/carprofdetailing.ee\/en\/wp-json\/wp\/v2\/users\/2"}],"replies":[{"embeddable":true,"href":"https:\/\/carprofdetailing.ee\/en\/wp-json\/wp\/v2\/comments?post=1067"}],"version-history":[{"count":31,"href":"https:\/\/carprofdetailing.ee\/en\/wp-json\/wp\/v2\/pages\/1067\/revisions"}],"predecessor-version":[{"id":1681,"href":"https:\/\/carprofdetailing.ee\/en\/wp-json\/wp\/v2\/pages\/1067\/revisions\/1681"}],"wp:attachment":[{"href":"https:\/\/carprofdetailing.ee\/en\/wp-json\/wp\/v2\/media?parent=1067"}],"curies":[{"name":"wp","href":"https:\/\/api.w.org\/{rel}","templated":true}]}}