{"id":1058,"date":"2022-05-22T11:01:05","date_gmt":"2022-05-22T08:01:05","guid":{"rendered":"https:\/\/carprofdetailing.ee\/kasutamise-poliitika\/"},"modified":"2022-07-02T14:38:25","modified_gmt":"2022-07-02T11:38:25","slug":"kasutamise-poliitika","status":"publish","type":"page","link":"https:\/\/carprofdetailing.ee\/en\/kasutamise-poliitika\/","title":{"rendered":"Privacy policy"},"content":{"rendered":"\t\t<div data-elementor-type=\"wp-page\" data-elementor-id=\"1058\" class=\"elementor elementor-1058 elementor-678\" data-elementor-post-type=\"page\">\n\t\t\t\t\t\t<section class=\"elementor-section elementor-top-section elementor-element elementor-element-2045a61 elementor-section-boxed elementor-section-height-default elementor-section-height-default\" data-id=\"2045a61\" data-element_type=\"section\">\n\t\t\t\t\t\t<div class=\"elementor-container elementor-column-gap-default\">\n\t\t\t\t\t<div class=\"elementor-column elementor-col-100 elementor-top-column elementor-element elementor-element-d64dd39\" data-id=\"d64dd39\" data-element_type=\"column\">\n\t\t\t<div class=\"elementor-widget-wrap elementor-element-populated\">\n\t\t\t\t\t\t<div class=\"elementor-element elementor-element-eddf31a elementor-widget elementor-widget-text-editor\" data-id=\"eddf31a\" data-element_type=\"widget\" data-widget_type=\"text-editor.default\">\n\t\t\t\t<div class=\"elementor-widget-container\">\n\t\t\t<style>\/*! elementor - v3.23.0 - 05-08-2024 *\/\n.elementor-widget-text-editor.elementor-drop-cap-view-stacked .elementor-drop-cap{background-color:#69727d;color:#fff}.elementor-widget-text-editor.elementor-drop-cap-view-framed .elementor-drop-cap{color:#69727d;border:3px solid;background-color:transparent}.elementor-widget-text-editor:not(.elementor-drop-cap-view-default) .elementor-drop-cap{margin-top:8px}.elementor-widget-text-editor:not(.elementor-drop-cap-view-default) .elementor-drop-cap-letter{width:1em;height:1em}.elementor-widget-text-editor .elementor-drop-cap{float:left;text-align:center;line-height:1;font-size:50px}.elementor-widget-text-editor .elementor-drop-cap-letter{display:inline-block}<\/style>\t\t\t\t<h2>\u00a0<\/h2><h2><strong>K\u00dcPSISTE FAILI KASUTAMISE POLIITIKA<\/strong><\/h2><p>Pole saladus, et veebilehed kasutavad teatud liiki veebitehnoloogiad kasutajaandmete kogumiseks. Ja meie ei ole erand. Siin meie soovime kirjeldada kuidas k\u00f5ik see t\u00f6\u00f6tab.<\/p><h2><strong>MIS ON K\u00dcPSISTE (COOKIE) FAILID<\/strong><\/h2><p>L\u00fchidalt, Cookies on v\u00e4ike tekstifail, mida meie veebileht saadab teie arvutisse. Seal on kaks p\u00f5hit\u00fc\u00fcpi k\u00fcpsiste faili: seanssifailid, mis eemaldakse automaatselt p\u00e4rast brauseri sulgemist ning alalised cookies, millised j\u00e4\u00e4vad teie arvutis kuna teie ise ei kustuta neid (mis on v\u00e4ga lihtne).<\/p><p>Klikkige\u00a0<a href=\"http:\/\/www.whatarecookies.com\/\">siia<\/a>\u00a0et rohkem infot lugeda.<\/p><h2><strong>KAS ON SEE KASUTAKSE MEIE JAOKS?<\/strong><\/h2><p>Jah, aga mitte niimodi, kui teie m\u00f5tlete. Need minifailid on v\u00e4ga kasulik ainult statistikaandmete koostamiseks ning kasutajate lehe kasutamist paranemiseks. Peamiselt Cookies kasutatakse et teie ei saanud sisselogida s\u00fcsteemisse uuesti ja uuesti. Tegelikult lihtne.<\/p><p>Meie kasutame Cookies selleks et teie kogemus meie teenustega oleks turvalisem ja lihtsam.<\/p><h2><strong>K\u00dcPSISTE FAILID REKLAAMISES<\/strong><\/h2><p>Cookies failid on v\u00e4ga kasulik vahend oma toodete ja teenuste reklameerimiseks. Meie ka kasutame seda taktikat, et konkurentsi pidama ning teada, mis teile rohkem meeldib. K\u00fcpsiste failid aitavad meid infot saama teie eeliste kohta, uuringu ja statistikaandmete koostama, ja k\u00f5ik see selleks et teie kogemus meie lehe visiidi perioodil oli niisuguseks, milleks teie sooviksite tagasi tulla.<\/p><h2><strong>EI SOOVI COOKIES KASUTADA?<\/strong><\/h2><p>Pole probleem. Brauseris on p\u00fcsiv v\u00f5imalus piirata cookies kasutamist igale lehele, mida teie k\u00fclastate.<\/p><p>Iga web-browser-il on oma protokollid cookie failide juhtimise kohta. Teie saate neid leidma allj\u00e4rgnevalt:<\/p><ul><li><a href=\"https:\/\/support.google.com\/chrome\/answer\/95647\">Google Chrome<\/a><\/li><li><u><a href=\"https:\/\/support.mozilla.org\/en-US\/kb\/cookies-information-websites-store-on-your-computer\">Mozilla Firefox<\/a><\/u><\/li><li><a href=\"https:\/\/www.opera.com\/help\/tutorials\/security\/cookies\/\">Opera<\/a><\/li><li><u><a href=\"https:\/\/support.microsoft.com\/en-us\/help\/260971\/description-of-cookies\">Internet Explorer<\/a><\/u><\/li><li><a href=\"https:\/\/support.apple.com\/en-us\/HT201265\">Safari<\/a><\/li><li><a href=\"https:\/\/support.google.com\/nexus\/answer\/54068?visit_id=1-636621423247437786-358822551\">Android-browser<\/a><\/li><\/ul><p>Kui teie kasutate brauseri, mida seal ei ole, lugege nende dokumentatsiooni ning kasutusjuhendeid.<\/p><p>Selleks et kustutama v\u00f5i piirama Cookies kasutamise v\u00f5imalust, teie peata oma brauseri seadeid minema ning valima konfitentsiaalsuse jaotist. Seal teie sate Cookies seadistama.<\/p><p>Teie ka saate v\u00e4lja l\u00fclitama teised Cookies Google Analytics jaotisest. Lihtaslt k\u00fclastage nende veebilehe, seal k\u00f5ik info on olemas.<\/p><p>Lisades, teie saate v\u00e4lja l\u00fclitama reklaamid mis on pannud teie huvidete alusel. Selleks k\u00fclastage Digital Advertising Alliance. Teie saate seadistama teie iPhone v\u00f5i iPan, et reklaami v\u00e4lja l\u00fclitama.<\/p><p>Pange t\u00e4hele, et Cookies v\u00e4lja l\u00fclitamine saab muuta teie kogemus veebilehede visiidi perioodil: m\u00f5nikord see m\u00f5jub negatiivselt teenuste funktsionaalsusi v\u00f5i lihtsalt piirab juurdep\u00e4\u00e4su. Veebileht enam ei m\u00e4leta teid nagu sisselogitud kasutaja, teie peate iga kord uuesti sisselogida s\u00fcsteemisse ning turvalisus ka v\u00f5iks olla madalam.<\/p><h2><strong>COOKIES\u00a0MIDA MEIE KASUTAME<\/strong><\/h2><p>Autentimine \u2013 on cookies failid mis annavad v\u00f5imalust kiiresti sisse logida s\u00fcsteemisse, teavad teie ajaloo totaalselt. Need failid aitavad meile infot kogema ning teie aktiivsust meie lehel salvestama.<\/p><p>Turvalisus. Cookies failid on teie kaitse ning aitavad kontrollida nii pahavara ja kahjulik toimeid, kui ka aitavad s\u00e4ilitama meie turvalisuse funktsioonid 100% tasemel.<\/p><p>Eelised. K\u00fcpsistefailid aitavad teha teie kogemus maksimaalselt indivuduaalseks. See sisaldab teie poolt eelisatatud brauseri ning lehe keel, mingid vormid nagu tellimusevormid teie poolt edastatud informatsioonidega. See eemaldab \u00e4ra vajadust sissestama andmeid iga kord uuesti.<\/p><p>Turundus. Meie kasutame Cookies selleks et efektiivselt reklameerida meie teenuseid ning vaatame kuidas kasutaja tegeleb meie lehel. Meie partnerid ka saavad Cookies kasutama et andma meile infot teie aktiivsuse meie teenustega kohta. Need k\u00fcpsiste failid vastavad meie partnerite poliitika n\u00f5udmisele.<\/p><p>Anal\u00fc\u00fctikud ja uuringud. Need Cookies on k\u00f5ige olulisemad selleks, et meie saaksime meie lehe paremaks teha niimoodi et meie teenused, mida teile nii meeldivad, oleksid veel parem ja mugavam. Selline asi sisaldab teie tegevuse ajaloo, mis aitab meile meie teenused paremaks teha.<\/p><h2><strong>ON TEIL K\u00dcSIMUSED?<\/strong><\/h2><p>Kui teil on k\u00fcsimused meie Cookies poliitika kohta, palun v\u00f5tke meiega \u00fchendust igal ajal e-posti teel: detailing@carprof.ee<\/p>\t\t\t\t\t\t<\/div>\n\t\t\t\t<\/div>\n\t\t\t\t\t<\/div>\n\t\t<\/div>\n\t\t\t\t\t<\/div>\n\t\t<\/section>\n\t\t\t\t<\/div>\n\t\t","protected":false},"excerpt":{"rendered":"<p>\u00a0 K\u00dcPSISTE FAILI KASUTAMISE POLIITIKA Pole saladus, et veebilehed kasutavad teatud liiki veebitehnoloogiad kasutajaandmete kogumiseks. Ja meie ei ole erand. Siin meie soovime kirjeldada kuidas k\u00f5ik see t\u00f6\u00f6tab. MIS ON K\u00dcPSISTE (COOKIE) FAILID L\u00fchidalt, Cookies on v\u00e4ike tekstifail, mida meie veebileht saadab teie arvutisse. Seal on kaks p\u00f5hit\u00fc\u00fcpi k\u00fcpsiste faili: seanssifailid, mis eemaldakse automaatselt p\u00e4rast [&hellip;]<\/p>\n","protected":false},"author":2,"featured_media":0,"parent":0,"menu_order":0,"comment_status":"closed","ping_status":"closed","template":"","meta":{"footnotes":""},"class_list":["post-1058","page","type-page","status-publish","hentry"],"_links":{"self":[{"href":"https:\/\/carprofdetailing.ee\/en\/wp-json\/wp\/v2\/pages\/1058","targetHints":{"allow":["GET"]}}],"collection":[{"href":"https:\/\/carprofdetailing.ee\/en\/wp-json\/wp\/v2\/pages"}],"about":[{"href":"https:\/\/carprofdetailing.ee\/en\/wp-json\/wp\/v2\/types\/page"}],"author":[{"embeddable":true,"href":"https:\/\/carprofdetailing.ee\/en\/wp-json\/wp\/v2\/users\/2"}],"replies":[{"embeddable":true,"href":"https:\/\/carprofdetailing.ee\/en\/wp-json\/wp\/v2\/comments?post=1058"}],"version-history":[{"count":1,"href":"https:\/\/carprofdetailing.ee\/en\/wp-json\/wp\/v2\/pages\/1058\/revisions"}],"predecessor-version":[{"id":1081,"href":"https:\/\/carprofdetailing.ee\/en\/wp-json\/wp\/v2\/pages\/1058\/revisions\/1081"}],"wp:attachment":[{"href":"https:\/\/carprofdetailing.ee\/en\/wp-json\/wp\/v2\/media?parent=1058"}],"curies":[{"name":"wp","href":"https:\/\/api.w.org\/{rel}","templated":true}]}}